{"id":6816,"date":"2025-09-07T17:46:00","date_gmt":"2025-09-07T17:46:00","guid":{"rendered":"https:\/\/ispkosova.com\/?page_id=6816"},"modified":"2025-09-07T18:02:00","modified_gmt":"2025-09-07T18:02:00","slug":"temat","status":"publish","type":"page","link":"https:\/\/ispkosova.com\/?page_id=6816","title":{"rendered":"Topics"},"content":{"rendered":"\n<div class=\"wp-block-columns is-layout-flex wp-container-core-columns-is-layout-9d6595d7 wp-block-columns-is-layout-flex\">\n<div class=\"wp-block-column is-layout-flow wp-block-column-is-layout-flow\" style=\"flex-basis:100%\">\n<figure class=\"wp-block-table\"><table><thead><tr><th class=\"has-text-align-left\" data-align=\"left\">Muajt &#8211; Months<\/th><th class=\"has-text-align-left\" data-align=\"left\"><strong>0, 1, 2, 3, 4, 5<\/strong><\/th><th class=\"has-text-align-left\" data-align=\"left\"><strong>6, 7, 8, 9<\/strong><\/th><th class=\"has-text-align-left\" data-align=\"left\"><strong>10, 11, 12<\/strong><\/th><\/tr><\/thead><tbody><tr><td class=\"has-text-align-left\" data-align=\"left\"><strong>September &#8211; Shtator<\/strong><\/td><td class=\"has-text-align-left\" data-align=\"left\">Respect &#8211; Respekti<\/td><td class=\"has-text-align-left\" data-align=\"left\">Integrity &#8211; Integriteti<\/td><td class=\"has-text-align-left\" data-align=\"left\">All About Me &#8211; Gjith\u00e7ka rreth meje<\/td><\/tr><tr><td class=\"has-text-align-left\" data-align=\"left\"><strong>October &#8211; Tetor<\/strong><\/td><td class=\"has-text-align-left\" data-align=\"left\">Responsibility &#8211; P\u00ebrgjegj\u00ebsia<\/td><td class=\"has-text-align-left\" data-align=\"left\">Perseverance &#8211; K\u00ebmb\u00ebngulja<\/td><td class=\"has-text-align-left\" data-align=\"left\">Leadership &#8211; Udh\u00ebheq\u00ebsia<\/td><\/tr><tr><td class=\"has-text-align-left\" data-align=\"left\"><strong>November &#8211; N\u00ebntor<\/strong><\/td><td class=\"has-text-align-left\" data-align=\"left\">Kindness &#8211; Mir\u00ebsia<\/td><td class=\"has-text-align-left\" data-align=\"left\">Courage &#8211; Kurajo<\/td><td class=\"has-text-align-left\" data-align=\"left\">Ethical Decision &#8211; Vendimmarrja Etike<\/td><\/tr><tr><td class=\"has-text-align-left\" data-align=\"left\"><strong>December &#8211; Dhjetor<\/strong><\/td><td class=\"has-text-align-left\" data-align=\"left\">Honesty &#8211; Ndershm\u00ebria<\/td><td class=\"has-text-align-left\" data-align=\"left\">Compassion &#8211; Dhembshuria<\/td><td class=\"has-text-align-left\" data-align=\"left\">Goal Setting &#8211; Vendosja e Q\u00ebllimeve<\/td><\/tr><tr><td class=\"has-text-align-left\" data-align=\"left\"><strong>January &#8211; Janar<\/strong><\/td><td class=\"has-text-align-left\" data-align=\"left\">Fairness &#8211; Drejt\u00ebsia<\/td><td class=\"has-text-align-left\" data-align=\"left\">Resilience &#8211; Q\u00ebndrueshm\u00ebria<\/td><td class=\"has-text-align-left\" data-align=\"left\">Time Management &#8211; Menaxhimi i Koh\u00ebs<\/td><\/tr><tr><td class=\"has-text-align-left\" data-align=\"left\"><strong>February &#8211; Shkurt<\/strong><\/td><td class=\"has-text-align-left\" data-align=\"left\">Self-Discipline &#8211; Vet\u00ebdisiplina<\/td><td class=\"has-text-align-left\" data-align=\"left\">Tolerance &#8211; Toleranca<\/td><td class=\"has-text-align-left\" data-align=\"left\">Stress Managemet &#8211; Menaxhimi i Stresit<\/td><\/tr><tr><td class=\"has-text-align-left\" data-align=\"left\"><strong>March &#8211; Mars<\/strong><\/td><td class=\"has-text-align-left\" data-align=\"left\">Empathy &#8211; Empatia<\/td><td class=\"has-text-align-left\" data-align=\"left\">Humility &#8211; P\u00ebrul\u00ebsia<\/td><td class=\"has-text-align-left\" data-align=\"left\">Teamwork- Puna n\u00eb Grup<\/td><\/tr><tr><td class=\"has-text-align-left\" data-align=\"left\"><strong>April &#8211; Prill<\/strong><\/td><td class=\"has-text-align-left\" data-align=\"left\">Cooperation &#8211; Bashk\u00ebpunimi<\/td><td class=\"has-text-align-left\" data-align=\"left\">Trustworthiness &#8211; Besueshm\u00ebria<\/td><td class=\"has-text-align-left\" data-align=\"left\">Generosity &#8211; Bujaria<\/td><\/tr><tr><td class=\"has-text-align-left\" data-align=\"left\"><strong>May &#8211; Maj<\/strong><\/td><td class=\"has-text-align-left\" data-align=\"left\">Gratitude &#8211; Mir\u00ebnjohja<\/td><td class=\"has-text-align-left\" data-align=\"left\">Digital Citizenship &#8211; Qytetaria Dixhitale<\/td><td class=\"has-text-align-left\" data-align=\"left\">Service to others &#8211; Sh\u00ebrbimi p\u00ebr t\u00eb tjer\u00ebt<\/td><\/tr><tr><td class=\"has-text-align-left\" data-align=\"left\"><strong>June &#8211; Qershor<\/strong><\/td><td class=\"has-text-align-left\" data-align=\"left\">Listening Skills &#8211; Aft\u00ebsit\u00eb e d\u00ebgjimit<\/td><td class=\"has-text-align-left\" data-align=\"left\">Positive Attitude &#8211; Q\u00ebndrimi pozitiv&nbsp;<\/td><td class=\"has-text-align-left\" data-align=\"left\"><\/td><\/tr><\/tbody><\/table><\/figure>\n<\/div>\n<\/div>\n","protected":false},"excerpt":{"rendered":"<p>Muajt &#8211; Months 0, 1, 2, 3, 4, 5 6, 7, 8, 9 10, 11, 12 September &#8211; Shtator Respect &#8211; Respekti Integrity &#8211; Integriteti All About Me &#8211; Gjith\u00e7ka rreth meje October &#8211; Tetor Responsibility &#8211; P\u00ebrgjegj\u00ebsia Perseverance &#8211; K\u00ebmb\u00ebngulja Leadership &#8211; Udh\u00ebheq\u00ebsia November &#8211; N\u00ebntor Kindness &#8211; Mir\u00ebsia Courage &#8211; Kurajo Ethical Decision&hellip;<\/p>\n","protected":false},"author":2,"featured_media":0,"parent":0,"menu_order":0,"comment_status":"closed","ping_status":"closed","template":"","meta":{"footnotes":""},"class_list":["post-6816","page","type-page","status-publish","hentry"],"_links":{"self":[{"href":"https:\/\/ispkosova.com\/index.php?rest_route=\/wp\/v2\/pages\/6816","targetHints":{"allow":["GET"]}}],"collection":[{"href":"https:\/\/ispkosova.com\/index.php?rest_route=\/wp\/v2\/pages"}],"about":[{"href":"https:\/\/ispkosova.com\/index.php?rest_route=\/wp\/v2\/types\/page"}],"author":[{"embeddable":true,"href":"https:\/\/ispkosova.com\/index.php?rest_route=\/wp\/v2\/users\/2"}],"replies":[{"embeddable":true,"href":"https:\/\/ispkosova.com\/index.php?rest_route=%2Fwp%2Fv2%2Fcomments&post=6816"}],"version-history":[{"count":3,"href":"https:\/\/ispkosova.com\/index.php?rest_route=\/wp\/v2\/pages\/6816\/revisions"}],"predecessor-version":[{"id":6830,"href":"https:\/\/ispkosova.com\/index.php?rest_route=\/wp\/v2\/pages\/6816\/revisions\/6830"}],"wp:attachment":[{"href":"https:\/\/ispkosova.com\/index.php?rest_route=%2Fwp%2Fv2%2Fmedia&parent=6816"}],"curies":[{"name":"wp","href":"https:\/\/api.w.org\/{rel}","templated":true}]}}