{"id":5135,"date":"2021-03-03T16:22:06","date_gmt":"2021-03-03T15:22:06","guid":{"rendered":"https:\/\/ispkosova.com\/?page_id=5135"},"modified":"2026-04-06T14:34:56","modified_gmt":"2026-04-06T14:34:56","slug":"apply-for-iq-challenge","status":"publish","type":"page","link":"https:\/\/ispkosova.com\/?page_id=5135","title":{"rendered":"Apply for IQ CHALLENGE"},"content":{"rendered":"<h1 style=\"text-align: center;\"><a href=\"https:\/\/app.gulistankosova.com\/guest\/competition\">APPLY NOW<\/a><\/h1>\n<p>International School of Prishtina organizon p\u00ebr her\u00eb t\u00eb 8-t\u00eb gar\u00ebn \u201cIQ Challenge\u201d, e dedikuar p\u00ebr nx\u00ebn\u00ebsit e klasave 5, 6, 7, 8 dhe 9.<\/p>\n<p dir=\"auto\">Q\u00ebllimi i k\u00ebsaj gare \u00ebsht\u00eb t\u00eb zhvilloj\u00eb aft\u00ebsit\u00eb e nx\u00ebn\u00ebsve n\u00eb:<\/p>\n<ul>\n<li dir=\"auto\">T\u00eb menduarit analitik<\/li>\n<li dir=\"auto\">Zgjidhjen e problemeve<\/li>\n<li dir=\"auto\">Arsyetimin logjik<\/li>\n<li dir=\"auto\">P\u00ebrqendrimin dhe aft\u00ebsit\u00eb e p\u00ebrgjithshme mendore<\/li>\n<\/ul>\n<p dir=\"auto\"><strong>Detajet e Gar\u00ebs<\/strong><\/p>\n<ul>\n<li>\ud83d\udcc5 Data e gar\u00ebs: 25.04.2026<\/li>\n<li>\ud83d\udccd Vendi: International School of Prishtina<\/li>\n<li>\u23f0 Orari i testit:\n<ul>\n<li>Nx\u00ebn\u00ebsit e klasave 5 &amp; 6 \u2013 09:30<\/li>\n<li>Nx\u00ebn\u00ebsit e klasave 7, 8 &amp; 9 \u2013 14:30<\/li>\n<\/ul>\n<\/li>\n<\/ul>\n<p dir=\"auto\">T\u00eb gjith\u00eb pjes\u00ebmarr\u00ebsit do t\u00eb pajisen me certifikat\u00eb pjes\u00ebmarrjeje, dhe gjat\u00eb aktivitetit do t\u00eb ofrohen sandui\u00e7 dhe pije.<br \/>Gjithashtu, pjes\u00ebmarr\u00ebsit do t\u00eb fitojn\u00eb medalje t\u00eb Art\u00eb, Argjendt\u00eb dhe Bronzi sipas performanc\u00ebs s\u00eb tyre n\u00eb test.<\/p>\n<p dir=\"auto\"><strong>Pas Gar\u00ebs \u2013 Aktivitetet Sociale<\/strong><\/p>\n<p dir=\"auto\">Pas p\u00ebrfundimit t\u00eb testit, nx\u00ebn\u00ebsit do t\u00eb ken\u00eb mund\u00ebsin\u00eb t\u00eb marrin pjes\u00eb n\u00eb aktivitete sociale, eksperimente dhe loj\u00ebra arg\u00ebtuese q\u00eb do t\u00eb zhvillohen n\u00eb ambientet e shkoll\u00ebs. Kjo pjes\u00eb ka p\u00ebr q\u00ebllim t\u00eb arg\u00ebtoj\u00eb nx\u00ebn\u00ebsit dhe t\u00eb nxis\u00eb kreativitetin dhe bashk\u00ebpunimin mes tyre.<\/p>\n<p><strong>\u00c7mimet<\/strong><\/p>\n<ul>\n<li><strong>Vendi i par\u00eb<\/strong>: PlayStation 5<\/li>\n<li><strong>Vendi i dyt\u00eb<\/strong>: iPad<\/li>\n<li><strong>Vendi i tret\u00eb<\/strong>: Smart Watch<\/li>\n<\/ul>\n<p><strong>Sh\u00ebnim<\/strong>: K\u00ebto \u00e7mime do t\u2019u jepen nx\u00ebn\u00ebsve fitues vet\u00ebm n\u00eb rast se regjistrohen n\u00eb shkoll\u00ebn ton\u00eb.<\/p>\n<p>\ud83d\udcda P\u00ebrve\u00e7 \u00e7mimeve, nx\u00ebn\u00ebsit fitues mund t\u00eb p\u00ebrfitojn\u00eb bursa shkollimi nga 25% deri n\u00eb 100%.<\/p>\n<p><strong>Ceremonia e \u00c7mimeve<\/strong><\/p>\n<p>Ceremonia e ndarjes s\u00eb \u00e7mimeve p\u00ebr nx\u00ebn\u00ebsit q\u00eb kan\u00eb arritur rezultatet m\u00eb t\u00eb mira do t\u00eb mbahet:<\/p>\n<ul>\n<li>\ud83d\udcc5 Data: 29.04.2026 (e merkure)<\/li>\n<li>\u23f0 Ora: 15:30<\/li>\n<li>\ud83d\udccd Vendi: International School of Prishtina<\/li>\n<\/ul>\n<p>N\u00eb k\u00ebt\u00eb ceremoni do t\u00eb shp\u00ebrblehen nx\u00ebn\u00ebsit q\u00eb kan\u00eb z\u00ebn\u00eb vendet e para, dhe do t\u00eb festohet suksesi i t\u00eb gjith\u00eb pjes\u00ebmarr\u00ebsve.<\/p>\n<p><!---\n\n\n<h3>Dear students,<\/h3>\n\n\n\n\n<h3>We would like to inform you that the <strong>registration<\/strong> <strong>date<\/strong> for the <strong>IQ CHALLENGE<\/strong> is between\u00a0<strong>20.03.2021<\/strong> and <strong>16.04.2021<\/strong>!<\/h3>\n\n\n\n\n<h3>Thank you for your interest and we wish success to all participants!<\/h3>\n\n\n\n\n<h2><a href=\"http:\/\/apply.gulistankosova.com\/admission\/\">APLIKO TANI!<\/a><\/h2>\n\n\n\n\n<h3>T\u00eb dashur nx\u00ebn\u00ebs,<\/h3>\n\n\n\n\n<h3>Ju njoftojm\u00eb se <span lang=\"sq\"><strong>data e regjistrimit<\/strong> p\u00ebr <strong>IQ CHALLENGE<\/strong>\u00a0\u00ebsht\u00eb nga <strong>20.03.2021<\/strong> deri <strong>16.04.2021<\/strong><\/span>!<\/h3>\n\n\n\n\n<h3>Ju fal\u00ebnderojm\u00eb p\u00ebr interesimin q\u00eb keni treguar dhe ju urojm\u00eb suksese t\u00eb gjith\u00eb pjes\u00ebmarr\u00ebsve!<\/h3>\n\n\n--><\/p>\n\n\n<p>\ud835\udc0f\ud835\udc11\ud835\udc0e\ud835\udc15\ud835\udc08\ud835\udc0c\ud835\udc08 \ud835\udc0c\ud835\udc0e\ud835\udc12\ud835\udc13\ud835\udc04\u0308\ud835\udc11<\/p>\n\n\n\n<ul class=\"wp-block-list\">\n<li><a href=\"https:\/\/ispkosova.com\/wp-content\/uploads\/2025\/04\/Sample-IQ-Challenge-Class-5.pdf\" data-type=\"link\" data-id=\"https:\/\/ispkosova.com\/wp-content\/uploads\/2025\/04\/Sample-IQ-Challenge-Class-5.pdf\">Klasa 5<\/a><\/li>\n<li><a href=\"https:\/\/ispkosova.com\/wp-content\/uploads\/2025\/04\/Sample-IQ-Challenge-Class-6.pdf\" data-type=\"link\" data-id=\"https:\/\/ispkosova.com\/wp-content\/uploads\/2025\/04\/Sample-IQ-Challenge-Class-6.pdf\">Klasa 6<\/a><\/li>\n<li><a href=\"https:\/\/ispkosova.com\/wp-content\/uploads\/2025\/04\/Sample-IQ-Challenge-Class-7.pdf\" data-type=\"link\" data-id=\"https:\/\/ispkosova.com\/wp-content\/uploads\/2025\/04\/Sample-IQ-Challenge-Class-7.pdf\">Klasa 7<\/a><\/li>\n<li><a href=\"https:\/\/ispkosova.com\/wp-content\/uploads\/2025\/04\/Sample-IQ-Challenge-Class-8.pdf\" data-type=\"link\" data-id=\"https:\/\/ispkosova.com\/wp-content\/uploads\/2025\/04\/Sample-IQ-Challenge-Class-8.pdf\">Klasa 8<\/a><\/li>\n<li><a href=\"https:\/\/ispkosova.com\/wp-content\/uploads\/2025\/04\/Sample-IQ-Challenge-Class-9.pdf\" data-type=\"link\" data-id=\"https:\/\/ispkosova.com\/wp-content\/uploads\/2025\/04\/Sample-IQ-Challenge-Class-9.pdf\">Klasa 9<\/a><\/li>\n<\/ul>\n","protected":false},"excerpt":{"rendered":"<p>APPLY NOW International School of Prishtina organizon p\u00ebr her\u00eb t\u00eb 8-t\u00eb gar\u00ebn \u201cIQ Challenge\u201d, e dedikuar p\u00ebr nx\u00ebn\u00ebsit e klasave 5, 6, 7, 8 dhe 9. Q\u00ebllimi i k\u00ebsaj gare \u00ebsht\u00eb t\u00eb zhvilloj\u00eb aft\u00ebsit\u00eb e nx\u00ebn\u00ebsve n\u00eb: T\u00eb menduarit analitik Zgjidhjen e problemeve Arsyetimin logjik P\u00ebrqendrimin dhe aft\u00ebsit\u00eb e p\u00ebrgjithshme mendore Detajet e Gar\u00ebs \ud83d\udcc5&hellip;<\/p>\n","protected":false},"author":1,"featured_media":6889,"parent":0,"menu_order":0,"comment_status":"closed","ping_status":"closed","template":"","meta":{"footnotes":""},"class_list":["post-5135","page","type-page","status-publish","has-post-thumbnail","hentry"],"_links":{"self":[{"href":"https:\/\/ispkosova.com\/index.php?rest_route=\/wp\/v2\/pages\/5135","targetHints":{"allow":["GET"]}}],"collection":[{"href":"https:\/\/ispkosova.com\/index.php?rest_route=\/wp\/v2\/pages"}],"about":[{"href":"https:\/\/ispkosova.com\/index.php?rest_route=\/wp\/v2\/types\/page"}],"author":[{"embeddable":true,"href":"https:\/\/ispkosova.com\/index.php?rest_route=\/wp\/v2\/users\/1"}],"replies":[{"embeddable":true,"href":"https:\/\/ispkosova.com\/index.php?rest_route=%2Fwp%2Fv2%2Fcomments&post=5135"}],"version-history":[{"count":11,"href":"https:\/\/ispkosova.com\/index.php?rest_route=\/wp\/v2\/pages\/5135\/revisions"}],"predecessor-version":[{"id":6891,"href":"https:\/\/ispkosova.com\/index.php?rest_route=\/wp\/v2\/pages\/5135\/revisions\/6891"}],"wp:featuredmedia":[{"embeddable":true,"href":"https:\/\/ispkosova.com\/index.php?rest_route=\/wp\/v2\/media\/6889"}],"wp:attachment":[{"href":"https:\/\/ispkosova.com\/index.php?rest_route=%2Fwp%2Fv2%2Fmedia&parent=5135"}],"curies":[{"name":"wp","href":"https:\/\/api.w.org\/{rel}","templated":true}]}}